{"id":62594,"date":"2024-05-28T11:35:32","date_gmt":"2024-05-28T08:35:32","guid":{"rendered":"https:\/\/beynhost.com\/?post_type=product&#038;p=62594"},"modified":"2024-07-11T13:02:28","modified_gmt":"2024-07-11T10:02:28","slug":"steam-generator","status":"publish","type":"product","link":"https:\/\/www.benkaaricilik.com\/en\/product\/steam-generator","title":{"rendered":"Steam Generator"},"content":{"rendered":"","protected":false},"excerpt":{"rendered":"<table width=\"438\">\n<tbody>\n<tr>\n<td width=\"125\">\u00dcr\u00fcn Kodu<\/td>\n<td width=\"313\">BA661<\/td>\n<\/tr>\n<tr>\n<td width=\"125\">\u00dcr\u00fcn Ad\u0131<\/td>\n<td width=\"313\">Steam Generator<\/td>\n<\/tr>\n<tr>\n<td width=\"125\">Seri<\/td>\n<td width=\"313\"><\/td>\n<\/tr>\n<tr>\n<td width=\"125\">\u00c7al\u0131\u015fma \u015eekli<\/td>\n<td width=\"313\">6 KW<\/td>\n<\/tr>\n<tr>\n<td width=\"125\">Elektrik Aksam<\/td>\n<td width=\"313\">&#8211;<\/td>\n<\/tr>\n<tr>\n<td width=\"125\">G\u00f6vde \u00d6l\u00e7\u00fcleri<\/td>\n<td width=\"313\"><\/td>\n<\/tr>\n<tr>\n<td width=\"125\">G\u00f6vde<\/td>\n<td width=\"313\"><\/td>\n<\/tr>\n<tr>\n<td width=\"125\">G\u00f6vde Kal\u0131nl\u0131\u011f\u0131<\/td>\n<td width=\"313\"><\/td>\n<\/tr>\n<tr>\n<td width=\"125\">\u0130\u00e7 Aksam<\/td>\n<td width=\"313\"><\/td>\n<\/tr>\n<tr>\n<td width=\"125\">Kapasite<\/td>\n<td width=\"313\"><\/td>\n<\/tr>\n<tr>\n<td width=\"125\">Musluk<\/td>\n<td width=\"313\"><\/td>\n<\/tr>\n<tr>\n<td width=\"125\">Kapak<\/td>\n<td width=\"313\"><\/td>\n<\/tr>\n<tr>\n<td width=\"125\">Ayaklar<\/td>\n<td width=\"313\"><\/td>\n<\/tr>\n<tr>\n<td width=\"125\">Di\u011fer<\/td>\n<td width=\"313\">Control Panel<\/td>\n<\/tr>\n<tr>\n<td width=\"125\">A\u011f\u0131rl\u0131k<\/td>\n<td width=\"313\">&#8211;<\/td>\n<\/tr>\n<tr>\n<td width=\"125\">Paket \u00d6l\u00e7\u00fcleri<\/td>\n<td width=\"313\">&#8211;<\/td>\n<\/tr>\n<tr>\n<td width=\"125\">Garanti<\/td>\n<td width=\"313\">2 Year<\/td>\n<\/tr>\n<\/tbody>\n<\/table>\n<p>&nbsp;<\/p>\n<p>&nbsp;<\/p>\n","protected":false},"featured_media":62596,"comment_status":"open","ping_status":"closed","template":"","meta":[],"product_brand":[],"product_cat":[161,185],"product_tag":[],"class_list":{"0":"post-62594","1":"product","2":"type-product","3":"status-publish","4":"has-post-thumbnail","6":"product_cat-wax-processing","7":"product_cat-wax-melting-equipment","9":"first","10":"instock","11":"shipping-taxable","12":"product-type-simple"},"_links":{"self":[{"href":"https:\/\/www.benkaaricilik.com\/en\/wp-json\/wp\/v2\/product\/62594","targetHints":{"allow":["GET"]}}],"collection":[{"href":"https:\/\/www.benkaaricilik.com\/en\/wp-json\/wp\/v2\/product"}],"about":[{"href":"https:\/\/www.benkaaricilik.com\/en\/wp-json\/wp\/v2\/types\/product"}],"replies":[{"embeddable":true,"href":"https:\/\/www.benkaaricilik.com\/en\/wp-json\/wp\/v2\/comments?post=62594"}],"wp:featuredmedia":[{"embeddable":true,"href":"https:\/\/www.benkaaricilik.com\/en\/wp-json\/wp\/v2\/media\/62596"}],"wp:attachment":[{"href":"https:\/\/www.benkaaricilik.com\/en\/wp-json\/wp\/v2\/media?parent=62594"}],"wp:term":[{"taxonomy":"product_brand","embeddable":true,"href":"https:\/\/www.benkaaricilik.com\/en\/wp-json\/wp\/v2\/product_brand?post=62594"},{"taxonomy":"product_cat","embeddable":true,"href":"https:\/\/www.benkaaricilik.com\/en\/wp-json\/wp\/v2\/product_cat?post=62594"},{"taxonomy":"product_tag","embeddable":true,"href":"https:\/\/www.benkaaricilik.com\/en\/wp-json\/wp\/v2\/product_tag?post=62594"}],"curies":[{"name":"wp","href":"https:\/\/api.w.org\/{rel}","templated":true}]}}