{"id":62218,"date":"2024-05-14T13:26:27","date_gmt":"2024-05-14T10:26:27","guid":{"rendered":"https:\/\/beynhost.com\/?page_id=62218"},"modified":"2024-07-29T11:03:23","modified_gmt":"2024-07-29T08:03:23","slug":"about-us","status":"publish","type":"page","link":"https:\/\/www.benkaaricilik.com\/en\/about-us","title":{"rendered":"About Us"},"content":{"rendered":"\t\t<div data-elementor-type=\"wp-page\" data-elementor-id=\"62218\" class=\"elementor elementor-62218\">\n\t\t\t\t\t\t<section class=\"elementor-section elementor-top-section elementor-element elementor-element-9bdbdf5 elementor-section-boxed elementor-section-height-default elementor-section-height-default\" data-id=\"9bdbdf5\" data-element_type=\"section\" data-e-type=\"section\">\n\t\t\t\t\t\t<div class=\"elementor-container elementor-column-gap-no\">\n\t\t\t\t\t<div class=\"elementor-column elementor-col-100 elementor-top-column elementor-element elementor-element-1556a01\" data-id=\"1556a01\" data-element_type=\"column\" data-e-type=\"column\">\n\t\t\t<div class=\"elementor-widget-wrap elementor-element-populated\">\n\t\t\t\t\t\t<section class=\"elementor-section elementor-inner-section elementor-element elementor-element-eb7802c elementor-section-content-middle elementor-section-boxed elementor-section-height-default elementor-section-height-default\" data-id=\"eb7802c\" data-element_type=\"section\" data-e-type=\"section\" data-settings=\"{&quot;background_background&quot;:&quot;classic&quot;}\">\n\t\t\t\t\t\t\t<div class=\"elementor-background-overlay\"><\/div>\n\t\t\t\t\t\t\t<div class=\"elementor-container elementor-column-gap-default\">\n\t\t\t\t\t<div class=\"elementor-column elementor-col-100 elementor-inner-column elementor-element elementor-element-b451d49\" data-id=\"b451d49\" data-element_type=\"column\" data-e-type=\"column\">\n\t\t\t<div class=\"elementor-widget-wrap elementor-element-populated\">\n\t\t\t\t\t\t<div data-cue=\"sbSlideInDown\" data-duration=\"700\" data-delay=\"900\" class=\"elementor-element elementor-element-e9fec96 font-urbanist display-2 elementor-widget elementor-widget-heading\" data-id=\"e9fec96\" data-element_type=\"widget\" data-e-type=\"widget\" data-widget_type=\"heading.default\">\n\t\t\t\t<div class=\"elementor-widget-container\">\n\t\t\t\t\t<h2 class=\"elementor-heading-title elementor-size-default\">About Us!<\/h2>\t\t\t\t<\/div>\n\t\t\t\t<\/div>\n\t\t\t\t<div data-cue=\"sbSlideInDown\" data-duration=\"700\" data-delay=\"1200\" class=\"elementor-element elementor-element-2508d6f elementor-widget__width-initial elementor-widget elementor-widget-text-editor\" data-id=\"2508d6f\" data-element_type=\"widget\" data-e-type=\"widget\" data-widget_type=\"text-editor.default\">\n\t\t\t\t<div class=\"elementor-widget-container\">\n\t\t\t\t\t\t\t\t\t<p>Founded in 1972 by Kadir K\u00fc\u00e7\u00fckbenli, Benka is a brand with a deep-rooted history in the beekeeping equipment sector. Since its establishment, the company\u2019s basic principle of \u201cYou should first like the product you produce\u201d has determined its quality and customer satisfaction-oriented approach.<\/p><p>Benka entered the beekeeping sector in 1980 with the production of bee feeders and quickly strengthened its presence in the sector. It met with beekeepers all over Turkey with the beekeeper bellows produced in 1987 and strengthened its leading position in the sector.<\/p><p>With its first export in 1995, Benka began to make a name for itself in the world beekeeping sector. Following the export to Algeria, it accelerated its promotional activities in the international arena and further strengthened its brand by participating in sector fairs.<\/p><p>Benka expanded its product range by starting to produce honey extractors and honey processing equipment in 2000 and strengthened its innovative and leading position in the sector. In 2013, it attracted great attention worldwide by participating in the international beekeeping congress organized by the World Beekeeping Organization Apimondia in Kiev, Ukraine.<\/p><p>Benka has an important presence in every province of Turkey and in the world beekeeping sector with its corporate structure and dealership system. Thanks to its dealership system, it has a strong distribution network in 81 provinces throughout Turkey. In addition, it exports to more than 50 countries in Europe, Australia and North America, especially Arab countries.<\/p><p>Benka is known for its economical and high-quality products as a Turkish brand, and keeps customer satisfaction at the highest level with the after-sales support it offers. It is a preferred brand in the beekeeping sector with its high-quality products and strong support network.<\/p><p>Today, Benka continues its R&D and Innovation studies in its 5,000 m\u00b2 modern facilities and maintains its leading position in the sector by combining traditional beekeeping methods with modern technology. Benka, a reliable brand in every corner of Turkey and the world beekeeping sector, continues its leadership in the sector by always keeping customer satisfaction at the highest level.<\/p><p>Benka\u2019s future vision is to make Turkey a center of attraction in the world rankings in beekeeping equipment production and to become even stronger in the international arena.<\/p>\t\t\t\t\t\t\t\t<\/div>\n\t\t\t\t<\/div>\n\t\t\t\t\t<\/div>\n\t\t<\/div>\n\t\t\t\t\t<\/div>\n\t\t<\/section>\n\t\t\t\t\t<\/div>\n\t\t<\/div>\n\t\t\t\t\t<\/div>\n\t\t<\/section>\n\t\t\t\t<section class=\"elementor-section elementor-top-section elementor-element elementor-element-7d44155 elementor-section-boxed elementor-section-height-default elementor-section-height-default\" data-id=\"7d44155\" data-element_type=\"section\" data-e-type=\"section\">\n\t\t\t\t\t\t<div class=\"elementor-container elementor-column-gap-no\">\n\t\t\t\t\t<div class=\"elementor-column elementor-col-100 elementor-top-column elementor-element elementor-element-aeb94d5\" data-id=\"aeb94d5\" data-element_type=\"column\" data-e-type=\"column\">\n\t\t\t<div class=\"elementor-widget-wrap\">\n\t\t\t\t\t\t\t<\/div>\n\t\t<\/div>\n\t\t\t\t\t<\/div>\n\t\t<\/section>\n\t\t\t\t<\/div>\n\t\t","protected":false},"excerpt":{"rendered":"<p>About Us! Founded in 1972 by Kadir K\u00fc\u00e7\u00fckbenli, Benka is a brand with a deep-rooted history in the beekeeping equipment sector. Since its establishment, the company\u2019s basic principle of \u201cYou should first like the product you produce\u201d has determined its quality and customer satisfaction-oriented approach. Benka entered the beekeeping sector in 1980 with the production [&hellip;]<\/p>\n","protected":false},"author":1,"featured_media":0,"parent":0,"menu_order":0,"comment_status":"closed","ping_status":"closed","template":"","meta":{"footnotes":""},"class_list":["post-62218","page","type-page","status-publish","hentry"],"_links":{"self":[{"href":"https:\/\/www.benkaaricilik.com\/en\/wp-json\/wp\/v2\/pages\/62218","targetHints":{"allow":["GET"]}}],"collection":[{"href":"https:\/\/www.benkaaricilik.com\/en\/wp-json\/wp\/v2\/pages"}],"about":[{"href":"https:\/\/www.benkaaricilik.com\/en\/wp-json\/wp\/v2\/types\/page"}],"author":[{"embeddable":true,"href":"https:\/\/www.benkaaricilik.com\/en\/wp-json\/wp\/v2\/users\/1"}],"replies":[{"embeddable":true,"href":"https:\/\/www.benkaaricilik.com\/en\/wp-json\/wp\/v2\/comments?post=62218"}],"version-history":[{"count":21,"href":"https:\/\/www.benkaaricilik.com\/en\/wp-json\/wp\/v2\/pages\/62218\/revisions"}],"predecessor-version":[{"id":63941,"href":"https:\/\/www.benkaaricilik.com\/en\/wp-json\/wp\/v2\/pages\/62218\/revisions\/63941"}],"wp:attachment":[{"href":"https:\/\/www.benkaaricilik.com\/en\/wp-json\/wp\/v2\/media?parent=62218"}],"curies":[{"name":"wp","href":"https:\/\/api.w.org\/{rel}","templated":true}]}}